{"id":956,"date":"2020-11-10T14:40:15","date_gmt":"2020-11-10T14:40:15","guid":{"rendered":"https:\/\/qantumthemes.xyz\/kentha\/demo11\/page-with-fullscreen-header\/"},"modified":"2024-11-01T03:12:46","modified_gmt":"2024-11-01T08:12:46","slug":"page-with-fullscreen-header","status":"publish","type":"page","link":"https:\/\/www.mateomoscoso.com\/?page_id=956","title":{"rendered":"BIO"},"content":{"rendered":"\t\t<div data-elementor-type=\"wp-page\" data-elementor-id=\"956\" class=\"elementor elementor-956\">\n\t\t\t\t\t\t<section class=\"elementor-section elementor-top-section elementor-element elementor-element-69cab461 elementor-section-boxed elementor-section-height-default elementor-section-height-default\" data-id=\"69cab461\" data-element_type=\"section\">\n\t\t\t\t\t\t<div class=\"elementor-container elementor-column-gap-default\">\n\t\t\t\t\t<div class=\"elementor-column elementor-col-100 elementor-top-column elementor-element elementor-element-45f09800\" data-id=\"45f09800\" data-element_type=\"column\">\n\t\t\t<div class=\"elementor-widget-wrap elementor-element-populated\">\n\t\t\t\t\t\t<div class=\"elementor-element elementor-element-21ab0b0e elementor-widget elementor-widget-text-editor\" data-id=\"21ab0b0e\" data-element_type=\"widget\" data-widget_type=\"text-editor.default\">\n\t\t\t\t<div class=\"elementor-widget-container\">\n\t\t\t\t\t\t\t\t\t<p>Originario de Cuenca, Ecuador, Mateo Moscoso Mu\u00f1oz es un DJ, productor y compositor emergente, cuyo enfoque creativo ha revolucionado la escena musical independiente con una fusi\u00f3n de electr\u00f3nica y elementos culturales ecuatorianos. Su estilo innovador y su habilidad para crear experiencias auditivas cautivadoras se reflejan en una discograf\u00eda s\u00f3lida, compuesta por cinco sencillos destacados: <em>Voy A Olvidarte<\/em>, <em>BLUE<\/em>, <em>ESCAPE<\/em>, <em>Limerencia<\/em>, y <em>180<\/em>. Asimismo, ha lanzado dos EPs, <em>202<\/em> y <em>STRANGERS<\/em>, que muestran su evoluci\u00f3n sonora y su capacidad de conectar con audiencias a trav\u00e9s de un sonido envolvente y emocional.<\/p><p>Su primer \u00e1lbum, <em>MANABAL<\/em>, representa un hito en su carrera, siendo una obra conceptual que mezcla ritmos electr\u00f3nicos con una profunda identidad ecuatoriana. Grabado, producido, mezclado y masterizado en colaboraci\u00f3n con Santiago Salazar Sound, <em>MANABAL<\/em> fue lanzado bajo su propio sello, <em>Cosmoso Records, Inc.<\/em>, posicionando a Mateo como un artista independiente con una visi\u00f3n completa y aut\u00e9ntica de su arte.<\/p><p>La versatilidad de Mateo tambi\u00e9n se refleja en las colaboraciones que ha desarrollado con varios artistas destacados de la escena regional e internacional, como Renana McCann, ALMADOR\u00c9, JD.ec, Kswag, DOM, Tom\u00e1s Coellar y Jos\u00e9 Dur\u00e1n. Estas colaboraciones han contribuido a enriquecer su estilo y a establecer conexiones profundas dentro de la comunidad musical.<\/p><p>Adem\u00e1s de su carrera en solitario, Mateo es el organizador del evento de m\u00fasica electr\u00f3nica <em>SANTUARIO<\/em>, que tuvo su debut en el hotel Selina, donde se present\u00f3 una alineaci\u00f3n de DJ\u2019s locales, consolid\u00e1ndose como un espacio importante para la escena electr\u00f3nica en Ecuador. Su participaci\u00f3n en la banda <em>FLOREANA<\/em> como tecladista le ha permitido explorar su talento instrumental y presentarse en eventos importantes, como el <em>Festival V\u00edvelo<\/em>, donde comparti\u00f3 escenario con bandas ic\u00f3nicas como <em>La M\u00e1quina Camale\u00f3n<\/em> y <em>Lolab\u00fam<\/em>.<\/p><p>Mateo tambi\u00e9n ha colaborado en el estudio <em>La Reina Records<\/em> en Quito junto al d\u00fao electr\u00f3nico <em>MIEL<\/em>, donde explor\u00f3 nuevas t\u00e9cnicas de producci\u00f3n y sonido. Su habilidad y propuesta \u00fanica lo llevaron a ser finalista del <em>ROTOFEST 2024<\/em>, donde tuvo la oportunidad de presentar <em>MANABAL<\/em> en vivo, recibiendo una gran acogida y consolidando su presencia en la escena musical ecuatoriana.<\/p><p>Una de sus colaboraciones m\u00e1s destacadas es <em>Neon Dreams<\/em>, en la cual trabaja con la artista argentina Lucciana y el productor Kswag. Esta pieza explora un sonido fresco y experimental, demostrando la capacidad de Mateo para innovar y adaptarse a nuevos estilos y tendencias musicales.<\/p>\t\t\t\t\t\t\t\t<\/div>\n\t\t\t\t<\/div>\n\t\t\t\t\t<\/div>\n\t\t<\/div>\n\t\t\t\t\t<\/div>\n\t\t<\/section>\n\t\t\t\t<section class=\"elementor-section elementor-top-section elementor-element elementor-element-73c6c95 elementor-section-boxed elementor-section-height-default elementor-section-height-default\" data-id=\"73c6c95\" data-element_type=\"section\">\n\t\t\t\t\t\t<div class=\"elementor-container elementor-column-gap-default\">\n\t\t\t\t\t<div class=\"elementor-column elementor-col-100 elementor-top-column elementor-element elementor-element-cc38a77\" data-id=\"cc38a77\" data-element_type=\"column\">\n\t\t\t<div class=\"elementor-widget-wrap elementor-element-populated\">\n\t\t\t\t\t\t<div class=\"elementor-element elementor-element-01e4a5a elementor-widget elementor-widget-video\" data-id=\"01e4a5a\" data-element_type=\"widget\" data-settings=\"{&quot;youtube_url&quot;:&quot;https:\\\/\\\/www.youtube.com\\\/watch?v=8M3x7kQEHQE&quot;,&quot;video_type&quot;:&quot;youtube&quot;,&quot;controls&quot;:&quot;yes&quot;}\" data-widget_type=\"video.default\">\n\t\t\t\t<div class=\"elementor-widget-container\">\n\t\t\t\t\t\t\t<div class=\"elementor-wrapper elementor-open-inline\">\n\t\t\t<div class=\"elementor-video\"><\/div>\t\t<\/div>\n\t\t\t\t\t\t<\/div>\n\t\t\t\t<\/div>\n\t\t\t\t\t<\/div>\n\t\t<\/div>\n\t\t\t\t\t<\/div>\n\t\t<\/section>\n\t\t\t\t<\/div>\n\t\t","protected":false},"excerpt":{"rendered":"<p>Originario de Cuenca, Ecuador, Mateo Moscoso Mu\u00f1oz es un DJ, productor y compositor emergente, cuyo enfoque creativo ha revolucionado la escena musical independiente con una fusi\u00f3n de electr\u00f3nica y elementos culturales ecuatorianos. Su estilo innovador y su habilidad para crear experiencias auditivas cautivadoras se reflejan en una discograf\u00eda s\u00f3lida, compuesta [&hellip;]<\/p>\n","protected":false},"author":1,"featured_media":1532,"parent":0,"menu_order":0,"comment_status":"closed","ping_status":"closed","template":"","meta":{"_monsterinsights_skip_tracking":false,"_monsterinsights_sitenote_active":false,"_monsterinsights_sitenote_note":"","_monsterinsights_sitenote_category":0,"footnotes":""},"class_list":["post-956","page","type-page","status-publish","has-post-thumbnail","hentry"],"aioseo_notices":[],"_links":{"self":[{"href":"https:\/\/www.mateomoscoso.com\/index.php?rest_route=\/wp\/v2\/pages\/956","targetHints":{"allow":["GET"]}}],"collection":[{"href":"https:\/\/www.mateomoscoso.com\/index.php?rest_route=\/wp\/v2\/pages"}],"about":[{"href":"https:\/\/www.mateomoscoso.com\/index.php?rest_route=\/wp\/v2\/types\/page"}],"author":[{"embeddable":true,"href":"https:\/\/www.mateomoscoso.com\/index.php?rest_route=\/wp\/v2\/users\/1"}],"replies":[{"embeddable":true,"href":"https:\/\/www.mateomoscoso.com\/index.php?rest_route=%2Fwp%2Fv2%2Fcomments&post=956"}],"version-history":[{"count":34,"href":"https:\/\/www.mateomoscoso.com\/index.php?rest_route=\/wp\/v2\/pages\/956\/revisions"}],"predecessor-version":[{"id":1688,"href":"https:\/\/www.mateomoscoso.com\/index.php?rest_route=\/wp\/v2\/pages\/956\/revisions\/1688"}],"wp:featuredmedia":[{"embeddable":true,"href":"https:\/\/www.mateomoscoso.com\/index.php?rest_route=\/wp\/v2\/media\/1532"}],"wp:attachment":[{"href":"https:\/\/www.mateomoscoso.com\/index.php?rest_route=%2Fwp%2Fv2%2Fmedia&parent=956"}],"curies":[{"name":"wp","href":"https:\/\/api.w.org\/{rel}","templated":true}]}}